{"id":4907,"date":"2023-06-08T19:45:38","date_gmt":"2023-06-08T17:45:38","guid":{"rendered":"https:\/\/sleepplanet.es\/tienda\/producto\/colchon-massimo\/"},"modified":"2026-04-15T15:57:49","modified_gmt":"2026-04-15T13:57:49","slug":"colchon-verona","status":"publish","type":"product","link":"https:\/\/sleepplanet.es\/tienda\/producto\/colchon-verona\/","title":{"rendered":"Colch\u00f3n VERONA"},"content":{"rendered":"","protected":false},"excerpt":{"rendered":"<p><strong>DESCANSO REAL &#8211; Perfecta adaptaci\u00f3n confort y firmeza.<\/strong> Gracias a su carcasa interior de muelles ensacados de \u00faltima generaci\u00f3n. Alta firmeza.<\/p>\n<p><strong>Cuidado y descanso unidos.<\/strong> Gracias a sus dos tipos de Confort, Invierno\/Verano fruto de las propiedades del Visco Carbono-Grafeno y cara inferior Viscoel\u00e1stica.<\/p>\n<p><strong>La perfecta armon\u00eda en tu cuerpo:<\/strong> Perfecta adaptaci\u00f3n gracias a su n\u00facleo muelle ensacado independiente con 5 zonas, eliminando especialmente la presi\u00f3n en zona lumbar, caderas, hombros y rodillas, consiguiendo una postura correcta de descanso y un sue\u00f1o profundo y reparador. Independencia de lechos gracias a su interior de muelle.<\/p>\n<p><strong>Cool Fresh<\/strong> es un tejido de efecto frio de forma natural. Su composici\u00f3n tecnol\u00f3gica elimina la humedad, mantiene el cuerpo en una temperatura \u00f3ptima y transmite una sensaci\u00f3n fresca. Sus propiedades son de efecto enfriamiento e hidrof\u00edlico. Refrigeraci\u00f3n y evaporaci\u00f3n de larga duraci\u00f3n. Excelente tacto y suavidad.<\/p>\n<p><strong>Warm Feel<\/strong> es un tejido ideado para descansar en invierno. Mantiene el cuerpo en una temperatura \u00f3ptima y transmite una sensaci\u00f3n de efecto c\u00e1lido, sin renunciar a una excelente transpiraci\u00f3n manteniendo un ambiente seco y sano. De excelente acogida, potencia el confort de su acolchado siendo un material ideal para el descanso.<\/p>\n<p><span style=\"color: #42649d;\"><strong>Descarga la ficha t\u00e9cnica del colch\u00f3n VERONA de Sleep Planet haciendo clic <span style=\"text-decoration: underline;\"><a style=\"color: #42649d; text-decoration: underline;\" href=\"https:\/\/sleepplanet.es\/tienda\/wp-content\/uploads\/2025\/09\/VERONA.pdf\" target=\"_blank\" rel=\"noopener\">AQU\u00cd<\/a><\/span>.<\/strong><\/span><\/p>\n","protected":false},"featured_media":7051,"template":"","meta":[],"product_brand":[],"product_cat":[241],"product_tag":[],"class_list":{"0":"post-4907","1":"product","2":"type-product","3":"status-publish","4":"has-post-thumbnail","6":"product_cat-colchones-de-muelles","7":"pa_medida-90x190","8":"pa_medida-105x180","9":"pa_medida-90x180","10":"pa_medida-200x200","11":"pa_medida-180x200","12":"pa_medida-180x190","13":"pa_medida-160x200","14":"pa_medida-160x190","15":"pa_medida-150x200","16":"pa_medida-150x190","17":"pa_medida-150x180","18":"pa_medida-135x200","19":"pa_medida-135x190","20":"pa_medida-135x180","21":"pa_medida-105x200","22":"pa_medida-105x190","23":"pa_medida-90x200","24":"tm-has-options","26":"first","27":"instock","28":"sale","29":"taxable","30":"shipping-taxable","31":"purchasable","32":"product-type-variable","33":"prodpage-classic","34":"rtwpvs-product"},"acf":[],"yoast_head":"<!-- This site is optimized with the Yoast SEO plugin v27.4 - https:\/\/yoast.com\/product\/yoast-seo-wordpress\/ -->\n<title>Colch\u00f3n VERONA - Sleep Planet<\/title>\n<meta name=\"description\" content=\"Colch\u00f3n Verona de Sleep Planet. Colchones que ofrecen el mejor descanso al mejor precio. Visita nuestras tiendas de colchones.\" \/>\n<meta name=\"robots\" content=\"noindex, follow\" \/>\n<meta property=\"og:locale\" content=\"es_ES\" \/>\n<meta property=\"og:type\" content=\"article\" \/>\n<meta property=\"og:title\" content=\"Colch\u00f3n VERONA - Sleep Planet\" \/>\n<meta property=\"og:description\" content=\"Colch\u00f3n Verona de Sleep Planet. Colchones que ofrecen el mejor descanso al mejor precio. Visita nuestras tiendas de colchones.\" \/>\n<meta property=\"og:url\" content=\"https:\/\/sleepplanet.es\/tienda\/producto\/colchon-verona\/\" \/>\n<meta property=\"og:site_name\" content=\"Sleep Planet\" \/>\n<meta property=\"article:publisher\" content=\"https:\/\/www.facebook.com\/sleepplanetspain\" \/>\n<meta property=\"article:modified_time\" content=\"2026-04-15T13:57:49+00:00\" \/>\n<meta property=\"og:image\" content=\"https:\/\/sleepplanet.es\/tienda\/wp-content\/uploads\/2023\/06\/sleep-planet-colchones-verona-1.jpg\" \/>\n\t<meta property=\"og:image:width\" content=\"1200\" \/>\n\t<meta property=\"og:image:height\" content=\"900\" \/>\n\t<meta property=\"og:image:type\" content=\"image\/jpeg\" \/>\n<meta name=\"twitter:card\" content=\"summary_large_image\" \/>\n<meta name=\"twitter:label1\" content=\"Tiempo de lectura\" \/>\n\t<meta name=\"twitter:data1\" content=\"1 minuto\" \/>\n<script type=\"application\/ld+json\" class=\"yoast-schema-graph\">{\"@context\":\"https:\\\/\\\/schema.org\",\"@graph\":[{\"@type\":\"WebPage\",\"@id\":\"https:\\\/\\\/sleepplanet.es\\\/tienda\\\/producto\\\/colchon-verona\\\/\",\"url\":\"https:\\\/\\\/sleepplanet.es\\\/tienda\\\/producto\\\/colchon-verona\\\/\",\"name\":\"Colch\u00f3n VERONA - Sleep Planet\",\"isPartOf\":{\"@id\":\"https:\\\/\\\/sleepplanet.es\\\/tienda\\\/#website\"},\"primaryImageOfPage\":{\"@id\":\"https:\\\/\\\/sleepplanet.es\\\/tienda\\\/producto\\\/colchon-verona\\\/#primaryimage\"},\"image\":{\"@id\":\"https:\\\/\\\/sleepplanet.es\\\/tienda\\\/producto\\\/colchon-verona\\\/#primaryimage\"},\"thumbnailUrl\":\"https:\\\/\\\/sleepplanet.es\\\/tienda\\\/wp-content\\\/uploads\\\/2023\\\/06\\\/sleep-planet-colchones-verona-1.jpg\",\"datePublished\":\"2023-06-08T17:45:38+00:00\",\"dateModified\":\"2026-04-15T13:57:49+00:00\",\"description\":\"Colch\u00f3n Verona de Sleep Planet. Colchones que ofrecen el mejor descanso al mejor precio. Visita nuestras tiendas de colchones.\",\"breadcrumb\":{\"@id\":\"https:\\\/\\\/sleepplanet.es\\\/tienda\\\/producto\\\/colchon-verona\\\/#breadcrumb\"},\"inLanguage\":\"es\",\"potentialAction\":[{\"@type\":\"ReadAction\",\"target\":[\"https:\\\/\\\/sleepplanet.es\\\/tienda\\\/producto\\\/colchon-verona\\\/\"]}]},{\"@type\":\"ImageObject\",\"inLanguage\":\"es\",\"@id\":\"https:\\\/\\\/sleepplanet.es\\\/tienda\\\/producto\\\/colchon-verona\\\/#primaryimage\",\"url\":\"https:\\\/\\\/sleepplanet.es\\\/tienda\\\/wp-content\\\/uploads\\\/2023\\\/06\\\/sleep-planet-colchones-verona-1.jpg\",\"contentUrl\":\"https:\\\/\\\/sleepplanet.es\\\/tienda\\\/wp-content\\\/uploads\\\/2023\\\/06\\\/sleep-planet-colchones-verona-1.jpg\",\"width\":1200,\"height\":900},{\"@type\":\"BreadcrumbList\",\"@id\":\"https:\\\/\\\/sleepplanet.es\\\/tienda\\\/producto\\\/colchon-verona\\\/#breadcrumb\",\"itemListElement\":[{\"@type\":\"ListItem\",\"position\":1,\"name\":\"Portada\",\"item\":\"https:\\\/\\\/sleepplanet.es\\\/tienda\\\/\"},{\"@type\":\"ListItem\",\"position\":2,\"name\":\"TIENDA ONLINE\",\"item\":\"https:\\\/\\\/sleepplanet.es\\\/tienda\\\/\"},{\"@type\":\"ListItem\",\"position\":3,\"name\":\"Colch\u00f3n VERONA\"}]},{\"@type\":\"WebSite\",\"@id\":\"https:\\\/\\\/sleepplanet.es\\\/tienda\\\/#website\",\"url\":\"https:\\\/\\\/sleepplanet.es\\\/tienda\\\/\",\"name\":\"Sleep Planet\",\"description\":\"Web oficial de Sleep Planet Spain\",\"publisher\":{\"@id\":\"https:\\\/\\\/sleepplanet.es\\\/tienda\\\/#organization\"},\"potentialAction\":[{\"@type\":\"SearchAction\",\"target\":{\"@type\":\"EntryPoint\",\"urlTemplate\":\"https:\\\/\\\/sleepplanet.es\\\/tienda\\\/?s={search_term_string}\"},\"query-input\":{\"@type\":\"PropertyValueSpecification\",\"valueRequired\":true,\"valueName\":\"search_term_string\"}}],\"inLanguage\":\"es\"},{\"@type\":\"Organization\",\"@id\":\"https:\\\/\\\/sleepplanet.es\\\/tienda\\\/#organization\",\"name\":\"Sleep Planet\",\"url\":\"https:\\\/\\\/sleepplanet.es\\\/tienda\\\/\",\"logo\":{\"@type\":\"ImageObject\",\"inLanguage\":\"es\",\"@id\":\"https:\\\/\\\/sleepplanet.es\\\/tienda\\\/#\\\/schema\\\/logo\\\/image\\\/\",\"url\":\"https:\\\/\\\/sleepplanet.es\\\/tienda\\\/wp-content\\\/uploads\\\/2023\\\/11\\\/sleep-planet-logo-seo2.jpg\",\"contentUrl\":\"https:\\\/\\\/sleepplanet.es\\\/tienda\\\/wp-content\\\/uploads\\\/2023\\\/11\\\/sleep-planet-logo-seo2.jpg\",\"width\":600,\"height\":600,\"caption\":\"Sleep Planet\"},\"image\":{\"@id\":\"https:\\\/\\\/sleepplanet.es\\\/tienda\\\/#\\\/schema\\\/logo\\\/image\\\/\"},\"sameAs\":[\"https:\\\/\\\/www.facebook.com\\\/sleepplanetspain\",\"https:\\\/\\\/www.instagram.com\\\/sleepplanetspain\"]}]}<\/script>\n<!-- \/ Yoast SEO plugin. -->","yoast_head_json":{"title":"Colch\u00f3n VERONA - Sleep Planet","description":"Colch\u00f3n Verona de Sleep Planet. Colchones que ofrecen el mejor descanso al mejor precio. Visita nuestras tiendas de colchones.","robots":{"index":"noindex","follow":"follow"},"og_locale":"es_ES","og_type":"article","og_title":"Colch\u00f3n VERONA - Sleep Planet","og_description":"Colch\u00f3n Verona de Sleep Planet. Colchones que ofrecen el mejor descanso al mejor precio. Visita nuestras tiendas de colchones.","og_url":"https:\/\/sleepplanet.es\/tienda\/producto\/colchon-verona\/","og_site_name":"Sleep Planet","article_publisher":"https:\/\/www.facebook.com\/sleepplanetspain","article_modified_time":"2026-04-15T13:57:49+00:00","og_image":[{"width":1200,"height":900,"url":"https:\/\/sleepplanet.es\/tienda\/wp-content\/uploads\/2023\/06\/sleep-planet-colchones-verona-1.jpg","type":"image\/jpeg"}],"twitter_card":"summary_large_image","twitter_misc":{"Tiempo de lectura":"1 minuto"},"schema":{"@context":"https:\/\/schema.org","@graph":[{"@type":"WebPage","@id":"https:\/\/sleepplanet.es\/tienda\/producto\/colchon-verona\/","url":"https:\/\/sleepplanet.es\/tienda\/producto\/colchon-verona\/","name":"Colch\u00f3n VERONA - Sleep Planet","isPartOf":{"@id":"https:\/\/sleepplanet.es\/tienda\/#website"},"primaryImageOfPage":{"@id":"https:\/\/sleepplanet.es\/tienda\/producto\/colchon-verona\/#primaryimage"},"image":{"@id":"https:\/\/sleepplanet.es\/tienda\/producto\/colchon-verona\/#primaryimage"},"thumbnailUrl":"https:\/\/sleepplanet.es\/tienda\/wp-content\/uploads\/2023\/06\/sleep-planet-colchones-verona-1.jpg","datePublished":"2023-06-08T17:45:38+00:00","dateModified":"2026-04-15T13:57:49+00:00","description":"Colch\u00f3n Verona de Sleep Planet. Colchones que ofrecen el mejor descanso al mejor precio. Visita nuestras tiendas de colchones.","breadcrumb":{"@id":"https:\/\/sleepplanet.es\/tienda\/producto\/colchon-verona\/#breadcrumb"},"inLanguage":"es","potentialAction":[{"@type":"ReadAction","target":["https:\/\/sleepplanet.es\/tienda\/producto\/colchon-verona\/"]}]},{"@type":"ImageObject","inLanguage":"es","@id":"https:\/\/sleepplanet.es\/tienda\/producto\/colchon-verona\/#primaryimage","url":"https:\/\/sleepplanet.es\/tienda\/wp-content\/uploads\/2023\/06\/sleep-planet-colchones-verona-1.jpg","contentUrl":"https:\/\/sleepplanet.es\/tienda\/wp-content\/uploads\/2023\/06\/sleep-planet-colchones-verona-1.jpg","width":1200,"height":900},{"@type":"BreadcrumbList","@id":"https:\/\/sleepplanet.es\/tienda\/producto\/colchon-verona\/#breadcrumb","itemListElement":[{"@type":"ListItem","position":1,"name":"Portada","item":"https:\/\/sleepplanet.es\/tienda\/"},{"@type":"ListItem","position":2,"name":"TIENDA ONLINE","item":"https:\/\/sleepplanet.es\/tienda\/"},{"@type":"ListItem","position":3,"name":"Colch\u00f3n VERONA"}]},{"@type":"WebSite","@id":"https:\/\/sleepplanet.es\/tienda\/#website","url":"https:\/\/sleepplanet.es\/tienda\/","name":"Sleep Planet","description":"Web oficial de Sleep Planet Spain","publisher":{"@id":"https:\/\/sleepplanet.es\/tienda\/#organization"},"potentialAction":[{"@type":"SearchAction","target":{"@type":"EntryPoint","urlTemplate":"https:\/\/sleepplanet.es\/tienda\/?s={search_term_string}"},"query-input":{"@type":"PropertyValueSpecification","valueRequired":true,"valueName":"search_term_string"}}],"inLanguage":"es"},{"@type":"Organization","@id":"https:\/\/sleepplanet.es\/tienda\/#organization","name":"Sleep Planet","url":"https:\/\/sleepplanet.es\/tienda\/","logo":{"@type":"ImageObject","inLanguage":"es","@id":"https:\/\/sleepplanet.es\/tienda\/#\/schema\/logo\/image\/","url":"https:\/\/sleepplanet.es\/tienda\/wp-content\/uploads\/2023\/11\/sleep-planet-logo-seo2.jpg","contentUrl":"https:\/\/sleepplanet.es\/tienda\/wp-content\/uploads\/2023\/11\/sleep-planet-logo-seo2.jpg","width":600,"height":600,"caption":"Sleep Planet"},"image":{"@id":"https:\/\/sleepplanet.es\/tienda\/#\/schema\/logo\/image\/"},"sameAs":["https:\/\/www.facebook.com\/sleepplanetspain","https:\/\/www.instagram.com\/sleepplanetspain"]}]}},"_links":{"self":[{"href":"https:\/\/sleepplanet.es\/tienda\/wp-json\/wp\/v2\/product\/4907","targetHints":{"allow":["GET"]}}],"collection":[{"href":"https:\/\/sleepplanet.es\/tienda\/wp-json\/wp\/v2\/product"}],"about":[{"href":"https:\/\/sleepplanet.es\/tienda\/wp-json\/wp\/v2\/types\/product"}],"wp:featuredmedia":[{"embeddable":true,"href":"https:\/\/sleepplanet.es\/tienda\/wp-json\/wp\/v2\/media\/7051"}],"wp:attachment":[{"href":"https:\/\/sleepplanet.es\/tienda\/wp-json\/wp\/v2\/media?parent=4907"}],"wp:term":[{"taxonomy":"product_brand","embeddable":true,"href":"https:\/\/sleepplanet.es\/tienda\/wp-json\/wp\/v2\/product_brand?post=4907"},{"taxonomy":"product_cat","embeddable":true,"href":"https:\/\/sleepplanet.es\/tienda\/wp-json\/wp\/v2\/product_cat?post=4907"},{"taxonomy":"product_tag","embeddable":true,"href":"https:\/\/sleepplanet.es\/tienda\/wp-json\/wp\/v2\/product_tag?post=4907"}],"curies":[{"name":"wp","href":"https:\/\/api.w.org\/{rel}","templated":true}]}}