{"id":5068,"date":"2023-06-08T19:46:08","date_gmt":"2023-06-08T17:46:08","guid":{"rendered":"https:\/\/sleepplanet.es\/tienda\/producto\/colchon-raphael\/"},"modified":"2026-01-15T13:21:01","modified_gmt":"2026-01-15T12:21:01","slug":"colchon-genova","status":"publish","type":"product","link":"https:\/\/sleepplanet.es\/tienda\/producto\/colchon-genova\/","title":{"rendered":"Colch\u00f3n GENOVA"},"content":{"rendered":"","protected":false},"excerpt":{"rendered":"<p><strong>Confort y firmeza.<\/strong> La combinaci\u00f3n de su tejido, unido a su capa GelSoft y Gelfoam, adem\u00e1s de aportar un plus de confort, garantiza una \u00f3ptima temperatura.<\/p>\n<p><strong>Cuidado y descanso unidos.<\/strong> Confort firme gracias a su n\u00facleo ErgoForm con foam de poro abierto, que asegura una \u00f3ptima firmeza y una posici\u00f3n correcta de descanso.<\/p>\n<p><strong>Adaptaci\u00f3n inteligente.<\/strong> Perfecta adaptaci\u00f3n multizona gracias a su n\u00facleo t\u00e9cnico y la selecci\u00f3n de materiales. Proporciona una sensaci\u00f3n agradable de ingravidez que mejora la relajaci\u00f3n total del cuerpo.<\/p>\n<p><strong>Greenfirst Anti-mosquitos<\/strong><\/p>\n<p><strong>Eficacia.<\/strong> Act\u00faa contra mosquitos, \u00e1caros del polvo, chinches y polillas. Neutraliza los \u00e1caros del polvo y sus huevos, as\u00ed como los chinches.<\/p>\n<p><strong>Seguridad y salud.<\/strong> No es neurot\u00f3xico ni sensibilizante cut\u00e1neo. Hipoalerg\u00e9nico, probado dermatol\u00f3gicamente. Apto para textiles infantiles y personas con piel sensible.<\/p>\n<p><strong>Sostenibilidad.<\/strong> Biodegradabilidad superior al 95%. Oeko-Tex Standard 100, REACH y BPR 1.<\/p>\n<p><span style=\"color: #42649d;\"><strong>Descarga la ficha t\u00e9cnica del colch\u00f3n GENOVA de Sleep Planet haciendo clic <span style=\"text-decoration: underline;\"><a style=\"color: #42649d; text-decoration: underline;\" href=\"https:\/\/sleepplanet.es\/tienda\/wp-content\/uploads\/2026\/01\/GENOVA.pdf\" target=\"_blank\" rel=\"noopener\">AQU\u00cd<\/a><\/span>.<\/strong><\/span><\/p>\n","protected":false},"featured_media":7121,"template":"","meta":[],"product_brand":[],"product_cat":[319],"product_tag":[],"class_list":{"0":"post-5068","1":"product","2":"type-product","3":"status-publish","4":"has-post-thumbnail","6":"product_cat-colchones-de-viscoelastica","7":"pa_medida-90x190","8":"pa_medida-105x180","9":"pa_medida-90x180","10":"pa_medida-180x200","11":"pa_medida-180x190","12":"pa_medida-160x200","13":"pa_medida-160x190","14":"pa_medida-150x200","15":"pa_medida-150x190","16":"pa_medida-150x180","17":"pa_medida-135x200","18":"pa_medida-135x190","19":"pa_medida-135x180","20":"pa_medida-105x200","21":"pa_medida-105x190","22":"pa_medida-90x200","23":"tm-has-options","25":"first","26":"instock","27":"sale","28":"taxable","29":"shipping-taxable","30":"purchasable","31":"product-type-variable","32":"prodpage-classic","33":"rtwpvs-product"},"acf":[],"yoast_head":"<!-- This site is optimized with the Yoast SEO plugin v27.2 - https:\/\/yoast.com\/product\/yoast-seo-wordpress\/ -->\n<title>Colch\u00f3n GENOVA - Sleep Planet<\/title>\n<meta name=\"description\" content=\"Colch\u00f3n Genova de Sleep Planet. Colchones que ofrecen el mejor descanso al mejor precio. Visita nuestras tiendas de colchones.\" \/>\n<meta name=\"robots\" content=\"noindex, follow\" \/>\n<meta property=\"og:locale\" content=\"es_ES\" \/>\n<meta property=\"og:type\" content=\"article\" \/>\n<meta property=\"og:title\" content=\"Colch\u00f3n GENOVA - Sleep Planet\" \/>\n<meta property=\"og:description\" content=\"Colch\u00f3n Genova de Sleep Planet. Colchones que ofrecen el mejor descanso al mejor precio. Visita nuestras tiendas de colchones.\" \/>\n<meta property=\"og:url\" content=\"https:\/\/sleepplanet.es\/tienda\/producto\/colchon-genova\/\" \/>\n<meta property=\"og:site_name\" content=\"Sleep Planet\" \/>\n<meta property=\"article:publisher\" content=\"https:\/\/www.facebook.com\/sleepplanetspain\" \/>\n<meta property=\"article:modified_time\" content=\"2026-01-15T12:21:01+00:00\" \/>\n<meta property=\"og:image\" content=\"https:\/\/sleepplanet.es\/tienda\/wp-content\/uploads\/2023\/06\/sleep-planet-colchones-genova-1.jpg\" \/>\n\t<meta property=\"og:image:width\" content=\"1200\" \/>\n\t<meta property=\"og:image:height\" content=\"900\" \/>\n\t<meta property=\"og:image:type\" content=\"image\/jpeg\" \/>\n<meta name=\"twitter:card\" content=\"summary_large_image\" \/>\n<meta name=\"twitter:label1\" content=\"Tiempo de lectura\" \/>\n\t<meta name=\"twitter:data1\" content=\"1 minuto\" \/>\n<script type=\"application\/ld+json\" class=\"yoast-schema-graph\">{\"@context\":\"https:\/\/schema.org\",\"@graph\":[{\"@type\":\"WebPage\",\"@id\":\"https:\/\/sleepplanet.es\/tienda\/producto\/colchon-genova\/\",\"url\":\"https:\/\/sleepplanet.es\/tienda\/producto\/colchon-genova\/\",\"name\":\"Colch\u00f3n GENOVA - Sleep Planet\",\"isPartOf\":{\"@id\":\"https:\/\/sleepplanet.es\/tienda\/#website\"},\"primaryImageOfPage\":{\"@id\":\"https:\/\/sleepplanet.es\/tienda\/producto\/colchon-genova\/#primaryimage\"},\"image\":{\"@id\":\"https:\/\/sleepplanet.es\/tienda\/producto\/colchon-genova\/#primaryimage\"},\"thumbnailUrl\":\"https:\/\/sleepplanet.es\/tienda\/wp-content\/uploads\/2023\/06\/sleep-planet-colchones-genova-1.jpg\",\"datePublished\":\"2023-06-08T17:46:08+00:00\",\"dateModified\":\"2026-01-15T12:21:01+00:00\",\"description\":\"Colch\u00f3n Genova de Sleep Planet. Colchones que ofrecen el mejor descanso al mejor precio. Visita nuestras tiendas de colchones.\",\"breadcrumb\":{\"@id\":\"https:\/\/sleepplanet.es\/tienda\/producto\/colchon-genova\/#breadcrumb\"},\"inLanguage\":\"es\",\"potentialAction\":[{\"@type\":\"ReadAction\",\"target\":[\"https:\/\/sleepplanet.es\/tienda\/producto\/colchon-genova\/\"]}]},{\"@type\":\"ImageObject\",\"inLanguage\":\"es\",\"@id\":\"https:\/\/sleepplanet.es\/tienda\/producto\/colchon-genova\/#primaryimage\",\"url\":\"https:\/\/sleepplanet.es\/tienda\/wp-content\/uploads\/2023\/06\/sleep-planet-colchones-genova-1.jpg\",\"contentUrl\":\"https:\/\/sleepplanet.es\/tienda\/wp-content\/uploads\/2023\/06\/sleep-planet-colchones-genova-1.jpg\",\"width\":1200,\"height\":900},{\"@type\":\"BreadcrumbList\",\"@id\":\"https:\/\/sleepplanet.es\/tienda\/producto\/colchon-genova\/#breadcrumb\",\"itemListElement\":[{\"@type\":\"ListItem\",\"position\":1,\"name\":\"Portada\",\"item\":\"https:\/\/sleepplanet.es\/tienda\/\"},{\"@type\":\"ListItem\",\"position\":2,\"name\":\"TIENDA ONLINE\",\"item\":\"https:\/\/sleepplanet.es\/tienda\/\"},{\"@type\":\"ListItem\",\"position\":3,\"name\":\"Colch\u00f3n GENOVA\"}]},{\"@type\":\"WebSite\",\"@id\":\"https:\/\/sleepplanet.es\/tienda\/#website\",\"url\":\"https:\/\/sleepplanet.es\/tienda\/\",\"name\":\"Sleep Planet\",\"description\":\"Web oficial de Sleep Planet Spain\",\"publisher\":{\"@id\":\"https:\/\/sleepplanet.es\/tienda\/#organization\"},\"potentialAction\":[{\"@type\":\"SearchAction\",\"target\":{\"@type\":\"EntryPoint\",\"urlTemplate\":\"https:\/\/sleepplanet.es\/tienda\/?s={search_term_string}\"},\"query-input\":{\"@type\":\"PropertyValueSpecification\",\"valueRequired\":true,\"valueName\":\"search_term_string\"}}],\"inLanguage\":\"es\"},{\"@type\":\"Organization\",\"@id\":\"https:\/\/sleepplanet.es\/tienda\/#organization\",\"name\":\"Sleep Planet\",\"url\":\"https:\/\/sleepplanet.es\/tienda\/\",\"logo\":{\"@type\":\"ImageObject\",\"inLanguage\":\"es\",\"@id\":\"https:\/\/sleepplanet.es\/tienda\/#\/schema\/logo\/image\/\",\"url\":\"https:\/\/sleepplanet.es\/tienda\/wp-content\/uploads\/2023\/11\/sleep-planet-logo-seo2.jpg\",\"contentUrl\":\"https:\/\/sleepplanet.es\/tienda\/wp-content\/uploads\/2023\/11\/sleep-planet-logo-seo2.jpg\",\"width\":600,\"height\":600,\"caption\":\"Sleep Planet\"},\"image\":{\"@id\":\"https:\/\/sleepplanet.es\/tienda\/#\/schema\/logo\/image\/\"},\"sameAs\":[\"https:\/\/www.facebook.com\/sleepplanetspain\",\"https:\/\/www.instagram.com\/sleepplanetspain\"]}]}<\/script>\n<!-- \/ Yoast SEO plugin. -->","yoast_head_json":{"title":"Colch\u00f3n GENOVA - Sleep Planet","description":"Colch\u00f3n Genova de Sleep Planet. Colchones que ofrecen el mejor descanso al mejor precio. Visita nuestras tiendas de colchones.","robots":{"index":"noindex","follow":"follow"},"og_locale":"es_ES","og_type":"article","og_title":"Colch\u00f3n GENOVA - Sleep Planet","og_description":"Colch\u00f3n Genova de Sleep Planet. Colchones que ofrecen el mejor descanso al mejor precio. Visita nuestras tiendas de colchones.","og_url":"https:\/\/sleepplanet.es\/tienda\/producto\/colchon-genova\/","og_site_name":"Sleep Planet","article_publisher":"https:\/\/www.facebook.com\/sleepplanetspain","article_modified_time":"2026-01-15T12:21:01+00:00","og_image":[{"width":1200,"height":900,"url":"https:\/\/sleepplanet.es\/tienda\/wp-content\/uploads\/2023\/06\/sleep-planet-colchones-genova-1.jpg","type":"image\/jpeg"}],"twitter_card":"summary_large_image","twitter_misc":{"Tiempo de lectura":"1 minuto"},"schema":{"@context":"https:\/\/schema.org","@graph":[{"@type":"WebPage","@id":"https:\/\/sleepplanet.es\/tienda\/producto\/colchon-genova\/","url":"https:\/\/sleepplanet.es\/tienda\/producto\/colchon-genova\/","name":"Colch\u00f3n GENOVA - Sleep Planet","isPartOf":{"@id":"https:\/\/sleepplanet.es\/tienda\/#website"},"primaryImageOfPage":{"@id":"https:\/\/sleepplanet.es\/tienda\/producto\/colchon-genova\/#primaryimage"},"image":{"@id":"https:\/\/sleepplanet.es\/tienda\/producto\/colchon-genova\/#primaryimage"},"thumbnailUrl":"https:\/\/sleepplanet.es\/tienda\/wp-content\/uploads\/2023\/06\/sleep-planet-colchones-genova-1.jpg","datePublished":"2023-06-08T17:46:08+00:00","dateModified":"2026-01-15T12:21:01+00:00","description":"Colch\u00f3n Genova de Sleep Planet. Colchones que ofrecen el mejor descanso al mejor precio. Visita nuestras tiendas de colchones.","breadcrumb":{"@id":"https:\/\/sleepplanet.es\/tienda\/producto\/colchon-genova\/#breadcrumb"},"inLanguage":"es","potentialAction":[{"@type":"ReadAction","target":["https:\/\/sleepplanet.es\/tienda\/producto\/colchon-genova\/"]}]},{"@type":"ImageObject","inLanguage":"es","@id":"https:\/\/sleepplanet.es\/tienda\/producto\/colchon-genova\/#primaryimage","url":"https:\/\/sleepplanet.es\/tienda\/wp-content\/uploads\/2023\/06\/sleep-planet-colchones-genova-1.jpg","contentUrl":"https:\/\/sleepplanet.es\/tienda\/wp-content\/uploads\/2023\/06\/sleep-planet-colchones-genova-1.jpg","width":1200,"height":900},{"@type":"BreadcrumbList","@id":"https:\/\/sleepplanet.es\/tienda\/producto\/colchon-genova\/#breadcrumb","itemListElement":[{"@type":"ListItem","position":1,"name":"Portada","item":"https:\/\/sleepplanet.es\/tienda\/"},{"@type":"ListItem","position":2,"name":"TIENDA ONLINE","item":"https:\/\/sleepplanet.es\/tienda\/"},{"@type":"ListItem","position":3,"name":"Colch\u00f3n GENOVA"}]},{"@type":"WebSite","@id":"https:\/\/sleepplanet.es\/tienda\/#website","url":"https:\/\/sleepplanet.es\/tienda\/","name":"Sleep Planet","description":"Web oficial de Sleep Planet Spain","publisher":{"@id":"https:\/\/sleepplanet.es\/tienda\/#organization"},"potentialAction":[{"@type":"SearchAction","target":{"@type":"EntryPoint","urlTemplate":"https:\/\/sleepplanet.es\/tienda\/?s={search_term_string}"},"query-input":{"@type":"PropertyValueSpecification","valueRequired":true,"valueName":"search_term_string"}}],"inLanguage":"es"},{"@type":"Organization","@id":"https:\/\/sleepplanet.es\/tienda\/#organization","name":"Sleep Planet","url":"https:\/\/sleepplanet.es\/tienda\/","logo":{"@type":"ImageObject","inLanguage":"es","@id":"https:\/\/sleepplanet.es\/tienda\/#\/schema\/logo\/image\/","url":"https:\/\/sleepplanet.es\/tienda\/wp-content\/uploads\/2023\/11\/sleep-planet-logo-seo2.jpg","contentUrl":"https:\/\/sleepplanet.es\/tienda\/wp-content\/uploads\/2023\/11\/sleep-planet-logo-seo2.jpg","width":600,"height":600,"caption":"Sleep Planet"},"image":{"@id":"https:\/\/sleepplanet.es\/tienda\/#\/schema\/logo\/image\/"},"sameAs":["https:\/\/www.facebook.com\/sleepplanetspain","https:\/\/www.instagram.com\/sleepplanetspain"]}]}},"_links":{"self":[{"href":"https:\/\/sleepplanet.es\/tienda\/wp-json\/wp\/v2\/product\/5068","targetHints":{"allow":["GET"]}}],"collection":[{"href":"https:\/\/sleepplanet.es\/tienda\/wp-json\/wp\/v2\/product"}],"about":[{"href":"https:\/\/sleepplanet.es\/tienda\/wp-json\/wp\/v2\/types\/product"}],"wp:featuredmedia":[{"embeddable":true,"href":"https:\/\/sleepplanet.es\/tienda\/wp-json\/wp\/v2\/media\/7121"}],"wp:attachment":[{"href":"https:\/\/sleepplanet.es\/tienda\/wp-json\/wp\/v2\/media?parent=5068"}],"wp:term":[{"taxonomy":"product_brand","embeddable":true,"href":"https:\/\/sleepplanet.es\/tienda\/wp-json\/wp\/v2\/product_brand?post=5068"},{"taxonomy":"product_cat","embeddable":true,"href":"https:\/\/sleepplanet.es\/tienda\/wp-json\/wp\/v2\/product_cat?post=5068"},{"taxonomy":"product_tag","embeddable":true,"href":"https:\/\/sleepplanet.es\/tienda\/wp-json\/wp\/v2\/product_tag?post=5068"}],"curies":[{"name":"wp","href":"https:\/\/api.w.org\/{rel}","templated":true}]}}