{"id":5146,"date":"2023-06-08T19:46:24","date_gmt":"2023-06-08T17:46:24","guid":{"rendered":"https:\/\/sleepplanet.es\/tienda\/producto\/almohada-fresh-gelfoam\/"},"modified":"2026-04-15T15:56:45","modified_gmt":"2026-04-15T13:56:45","slug":"almohada-cool-fresh","status":"publish","type":"product","link":"https:\/\/sleepplanet.es\/tienda\/producto\/almohada-cool-fresh\/","title":{"rendered":"Almohada COOL FRESH"},"content":{"rendered":"","protected":false},"excerpt":{"rendered":"<p>Tejido Exterior: Cara Verano tejido Strech 40% PE 60% PES, Cara Invierno Tejido Strech 100% PES. Tratamiento: CoolFresh tejido fr\u00edo. Ribete perimetral. Tejido Interior: 85% PES y 15% Algod\u00f3n termosellado 80gr. N\u00facleo: FreshFoam alta densidad. Doble funda.<\/p>\n<p>Suave en superficie, envolvente, alto grado de confort. Soporte anat\u00f3mico capaz de desarrollar durante el sue\u00f1o una acci\u00f3n de relajaci\u00f3n de las articulaciones, descargando as\u00ed las tensiones acumuladas durante el d\u00eda.<\/p>\n<p>Indeformable, transpirable, higi\u00e9nica, anti-al\u00e9rgica, no se apelmaza. N\u00facleo de HR FreshFoam de alta densidad. Anti-inflamatorio y calmante. Alivia dolor y rigidez consiguiendo posici\u00f3n \u00f3ptima de descanso.<\/p>\n","protected":false},"featured_media":6927,"template":"","meta":[],"product_brand":[],"product_cat":[242],"product_tag":[],"class_list":{"0":"post-5146","1":"product","2":"type-product","3":"status-publish","4":"has-post-thumbnail","6":"product_cat-almohadas","7":"pa_medida-70x40","8":"pa_medida-75x40","9":"pa_medida-80x40","10":"pa_medida-90x40","11":"pa_medida-105x40","12":"pa_medida-135x40","13":"pa_medida-150x40","14":"tm-has-options","16":"first","17":"instock","18":"sale","19":"taxable","20":"shipping-taxable","21":"purchasable","22":"product-type-variable","23":"prodpage-classic","24":"rtwpvs-product"},"acf":[],"yoast_head":"<!-- This site is optimized with the Yoast SEO plugin v27.4 - https:\/\/yoast.com\/product\/yoast-seo-wordpress\/ -->\n<title>Almohada COOL FRESH - Sleep Planet<\/title>\n<meta name=\"description\" content=\"Almohada Cool Fresh de Sleep Planet. Colchones que ofrecen el mejor descanso al mejor precio. Visita nuestras tiendas de colchones.\" \/>\n<meta name=\"robots\" content=\"noindex, follow\" \/>\n<meta property=\"og:locale\" content=\"es_ES\" \/>\n<meta property=\"og:type\" content=\"article\" \/>\n<meta property=\"og:title\" content=\"Almohada COOL FRESH - Sleep Planet\" \/>\n<meta property=\"og:description\" content=\"Almohada Cool Fresh de Sleep Planet. Colchones que ofrecen el mejor descanso al mejor precio. Visita nuestras tiendas de colchones.\" \/>\n<meta property=\"og:url\" content=\"https:\/\/sleepplanet.es\/tienda\/producto\/almohada-cool-fresh\/\" \/>\n<meta property=\"og:site_name\" content=\"Sleep Planet\" \/>\n<meta property=\"article:publisher\" content=\"https:\/\/www.facebook.com\/sleepplanetspain\" \/>\n<meta property=\"article:modified_time\" content=\"2026-04-15T13:56:45+00:00\" \/>\n<meta property=\"og:image\" content=\"https:\/\/sleepplanet.es\/tienda\/wp-content\/uploads\/2023\/06\/sleep-planet-almohada-cool-fresh.jpg\" \/>\n\t<meta property=\"og:image:width\" content=\"900\" \/>\n\t<meta property=\"og:image:height\" content=\"675\" \/>\n\t<meta property=\"og:image:type\" content=\"image\/jpeg\" \/>\n<meta name=\"twitter:card\" content=\"summary_large_image\" \/>\n<meta name=\"twitter:label1\" content=\"Tiempo de lectura\" \/>\n\t<meta name=\"twitter:data1\" content=\"1 minuto\" \/>\n<script type=\"application\/ld+json\" class=\"yoast-schema-graph\">{\"@context\":\"https:\\\/\\\/schema.org\",\"@graph\":[{\"@type\":\"WebPage\",\"@id\":\"https:\\\/\\\/sleepplanet.es\\\/tienda\\\/producto\\\/almohada-cool-fresh\\\/\",\"url\":\"https:\\\/\\\/sleepplanet.es\\\/tienda\\\/producto\\\/almohada-cool-fresh\\\/\",\"name\":\"Almohada COOL FRESH - Sleep Planet\",\"isPartOf\":{\"@id\":\"https:\\\/\\\/sleepplanet.es\\\/tienda\\\/#website\"},\"primaryImageOfPage\":{\"@id\":\"https:\\\/\\\/sleepplanet.es\\\/tienda\\\/producto\\\/almohada-cool-fresh\\\/#primaryimage\"},\"image\":{\"@id\":\"https:\\\/\\\/sleepplanet.es\\\/tienda\\\/producto\\\/almohada-cool-fresh\\\/#primaryimage\"},\"thumbnailUrl\":\"https:\\\/\\\/sleepplanet.es\\\/tienda\\\/wp-content\\\/uploads\\\/2023\\\/06\\\/sleep-planet-almohada-cool-fresh.jpg\",\"datePublished\":\"2023-06-08T17:46:24+00:00\",\"dateModified\":\"2026-04-15T13:56:45+00:00\",\"description\":\"Almohada Cool Fresh de Sleep Planet. Colchones que ofrecen el mejor descanso al mejor precio. Visita nuestras tiendas de colchones.\",\"breadcrumb\":{\"@id\":\"https:\\\/\\\/sleepplanet.es\\\/tienda\\\/producto\\\/almohada-cool-fresh\\\/#breadcrumb\"},\"inLanguage\":\"es\",\"potentialAction\":[{\"@type\":\"ReadAction\",\"target\":[\"https:\\\/\\\/sleepplanet.es\\\/tienda\\\/producto\\\/almohada-cool-fresh\\\/\"]}]},{\"@type\":\"ImageObject\",\"inLanguage\":\"es\",\"@id\":\"https:\\\/\\\/sleepplanet.es\\\/tienda\\\/producto\\\/almohada-cool-fresh\\\/#primaryimage\",\"url\":\"https:\\\/\\\/sleepplanet.es\\\/tienda\\\/wp-content\\\/uploads\\\/2023\\\/06\\\/sleep-planet-almohada-cool-fresh.jpg\",\"contentUrl\":\"https:\\\/\\\/sleepplanet.es\\\/tienda\\\/wp-content\\\/uploads\\\/2023\\\/06\\\/sleep-planet-almohada-cool-fresh.jpg\",\"width\":900,\"height\":675},{\"@type\":\"BreadcrumbList\",\"@id\":\"https:\\\/\\\/sleepplanet.es\\\/tienda\\\/producto\\\/almohada-cool-fresh\\\/#breadcrumb\",\"itemListElement\":[{\"@type\":\"ListItem\",\"position\":1,\"name\":\"Portada\",\"item\":\"https:\\\/\\\/sleepplanet.es\\\/tienda\\\/\"},{\"@type\":\"ListItem\",\"position\":2,\"name\":\"TIENDA ONLINE\",\"item\":\"https:\\\/\\\/sleepplanet.es\\\/tienda\\\/\"},{\"@type\":\"ListItem\",\"position\":3,\"name\":\"Almohada COOL FRESH\"}]},{\"@type\":\"WebSite\",\"@id\":\"https:\\\/\\\/sleepplanet.es\\\/tienda\\\/#website\",\"url\":\"https:\\\/\\\/sleepplanet.es\\\/tienda\\\/\",\"name\":\"Sleep Planet\",\"description\":\"Web oficial de Sleep Planet Spain\",\"publisher\":{\"@id\":\"https:\\\/\\\/sleepplanet.es\\\/tienda\\\/#organization\"},\"potentialAction\":[{\"@type\":\"SearchAction\",\"target\":{\"@type\":\"EntryPoint\",\"urlTemplate\":\"https:\\\/\\\/sleepplanet.es\\\/tienda\\\/?s={search_term_string}\"},\"query-input\":{\"@type\":\"PropertyValueSpecification\",\"valueRequired\":true,\"valueName\":\"search_term_string\"}}],\"inLanguage\":\"es\"},{\"@type\":\"Organization\",\"@id\":\"https:\\\/\\\/sleepplanet.es\\\/tienda\\\/#organization\",\"name\":\"Sleep Planet\",\"url\":\"https:\\\/\\\/sleepplanet.es\\\/tienda\\\/\",\"logo\":{\"@type\":\"ImageObject\",\"inLanguage\":\"es\",\"@id\":\"https:\\\/\\\/sleepplanet.es\\\/tienda\\\/#\\\/schema\\\/logo\\\/image\\\/\",\"url\":\"https:\\\/\\\/sleepplanet.es\\\/tienda\\\/wp-content\\\/uploads\\\/2023\\\/11\\\/sleep-planet-logo-seo2.jpg\",\"contentUrl\":\"https:\\\/\\\/sleepplanet.es\\\/tienda\\\/wp-content\\\/uploads\\\/2023\\\/11\\\/sleep-planet-logo-seo2.jpg\",\"width\":600,\"height\":600,\"caption\":\"Sleep Planet\"},\"image\":{\"@id\":\"https:\\\/\\\/sleepplanet.es\\\/tienda\\\/#\\\/schema\\\/logo\\\/image\\\/\"},\"sameAs\":[\"https:\\\/\\\/www.facebook.com\\\/sleepplanetspain\",\"https:\\\/\\\/www.instagram.com\\\/sleepplanetspain\"]}]}<\/script>\n<!-- \/ Yoast SEO plugin. -->","yoast_head_json":{"title":"Almohada COOL FRESH - Sleep Planet","description":"Almohada Cool Fresh de Sleep Planet. Colchones que ofrecen el mejor descanso al mejor precio. Visita nuestras tiendas de colchones.","robots":{"index":"noindex","follow":"follow"},"og_locale":"es_ES","og_type":"article","og_title":"Almohada COOL FRESH - Sleep Planet","og_description":"Almohada Cool Fresh de Sleep Planet. Colchones que ofrecen el mejor descanso al mejor precio. Visita nuestras tiendas de colchones.","og_url":"https:\/\/sleepplanet.es\/tienda\/producto\/almohada-cool-fresh\/","og_site_name":"Sleep Planet","article_publisher":"https:\/\/www.facebook.com\/sleepplanetspain","article_modified_time":"2026-04-15T13:56:45+00:00","og_image":[{"width":900,"height":675,"url":"https:\/\/sleepplanet.es\/tienda\/wp-content\/uploads\/2023\/06\/sleep-planet-almohada-cool-fresh.jpg","type":"image\/jpeg"}],"twitter_card":"summary_large_image","twitter_misc":{"Tiempo de lectura":"1 minuto"},"schema":{"@context":"https:\/\/schema.org","@graph":[{"@type":"WebPage","@id":"https:\/\/sleepplanet.es\/tienda\/producto\/almohada-cool-fresh\/","url":"https:\/\/sleepplanet.es\/tienda\/producto\/almohada-cool-fresh\/","name":"Almohada COOL FRESH - Sleep Planet","isPartOf":{"@id":"https:\/\/sleepplanet.es\/tienda\/#website"},"primaryImageOfPage":{"@id":"https:\/\/sleepplanet.es\/tienda\/producto\/almohada-cool-fresh\/#primaryimage"},"image":{"@id":"https:\/\/sleepplanet.es\/tienda\/producto\/almohada-cool-fresh\/#primaryimage"},"thumbnailUrl":"https:\/\/sleepplanet.es\/tienda\/wp-content\/uploads\/2023\/06\/sleep-planet-almohada-cool-fresh.jpg","datePublished":"2023-06-08T17:46:24+00:00","dateModified":"2026-04-15T13:56:45+00:00","description":"Almohada Cool Fresh de Sleep Planet. Colchones que ofrecen el mejor descanso al mejor precio. Visita nuestras tiendas de colchones.","breadcrumb":{"@id":"https:\/\/sleepplanet.es\/tienda\/producto\/almohada-cool-fresh\/#breadcrumb"},"inLanguage":"es","potentialAction":[{"@type":"ReadAction","target":["https:\/\/sleepplanet.es\/tienda\/producto\/almohada-cool-fresh\/"]}]},{"@type":"ImageObject","inLanguage":"es","@id":"https:\/\/sleepplanet.es\/tienda\/producto\/almohada-cool-fresh\/#primaryimage","url":"https:\/\/sleepplanet.es\/tienda\/wp-content\/uploads\/2023\/06\/sleep-planet-almohada-cool-fresh.jpg","contentUrl":"https:\/\/sleepplanet.es\/tienda\/wp-content\/uploads\/2023\/06\/sleep-planet-almohada-cool-fresh.jpg","width":900,"height":675},{"@type":"BreadcrumbList","@id":"https:\/\/sleepplanet.es\/tienda\/producto\/almohada-cool-fresh\/#breadcrumb","itemListElement":[{"@type":"ListItem","position":1,"name":"Portada","item":"https:\/\/sleepplanet.es\/tienda\/"},{"@type":"ListItem","position":2,"name":"TIENDA ONLINE","item":"https:\/\/sleepplanet.es\/tienda\/"},{"@type":"ListItem","position":3,"name":"Almohada COOL FRESH"}]},{"@type":"WebSite","@id":"https:\/\/sleepplanet.es\/tienda\/#website","url":"https:\/\/sleepplanet.es\/tienda\/","name":"Sleep Planet","description":"Web oficial de Sleep Planet Spain","publisher":{"@id":"https:\/\/sleepplanet.es\/tienda\/#organization"},"potentialAction":[{"@type":"SearchAction","target":{"@type":"EntryPoint","urlTemplate":"https:\/\/sleepplanet.es\/tienda\/?s={search_term_string}"},"query-input":{"@type":"PropertyValueSpecification","valueRequired":true,"valueName":"search_term_string"}}],"inLanguage":"es"},{"@type":"Organization","@id":"https:\/\/sleepplanet.es\/tienda\/#organization","name":"Sleep Planet","url":"https:\/\/sleepplanet.es\/tienda\/","logo":{"@type":"ImageObject","inLanguage":"es","@id":"https:\/\/sleepplanet.es\/tienda\/#\/schema\/logo\/image\/","url":"https:\/\/sleepplanet.es\/tienda\/wp-content\/uploads\/2023\/11\/sleep-planet-logo-seo2.jpg","contentUrl":"https:\/\/sleepplanet.es\/tienda\/wp-content\/uploads\/2023\/11\/sleep-planet-logo-seo2.jpg","width":600,"height":600,"caption":"Sleep Planet"},"image":{"@id":"https:\/\/sleepplanet.es\/tienda\/#\/schema\/logo\/image\/"},"sameAs":["https:\/\/www.facebook.com\/sleepplanetspain","https:\/\/www.instagram.com\/sleepplanetspain"]}]}},"_links":{"self":[{"href":"https:\/\/sleepplanet.es\/tienda\/wp-json\/wp\/v2\/product\/5146","targetHints":{"allow":["GET"]}}],"collection":[{"href":"https:\/\/sleepplanet.es\/tienda\/wp-json\/wp\/v2\/product"}],"about":[{"href":"https:\/\/sleepplanet.es\/tienda\/wp-json\/wp\/v2\/types\/product"}],"wp:featuredmedia":[{"embeddable":true,"href":"https:\/\/sleepplanet.es\/tienda\/wp-json\/wp\/v2\/media\/6927"}],"wp:attachment":[{"href":"https:\/\/sleepplanet.es\/tienda\/wp-json\/wp\/v2\/media?parent=5146"}],"wp:term":[{"taxonomy":"product_brand","embeddable":true,"href":"https:\/\/sleepplanet.es\/tienda\/wp-json\/wp\/v2\/product_brand?post=5146"},{"taxonomy":"product_cat","embeddable":true,"href":"https:\/\/sleepplanet.es\/tienda\/wp-json\/wp\/v2\/product_cat?post=5146"},{"taxonomy":"product_tag","embeddable":true,"href":"https:\/\/sleepplanet.es\/tienda\/wp-json\/wp\/v2\/product_tag?post=5146"}],"curies":[{"name":"wp","href":"https:\/\/api.w.org\/{rel}","templated":true}]}}