{"id":5630,"date":"2023-07-10T18:01:51","date_gmt":"2023-07-10T16:01:51","guid":{"rendered":"https:\/\/sleepplanet.es\/tienda\/?post_type=product&#038;p=5630"},"modified":"2026-01-19T16:11:34","modified_gmt":"2026-01-19T15:11:34","slug":"canape-space-combi","status":"publish","type":"product","link":"https:\/\/sleepplanet.es\/tienda\/producto\/canape-space-combi\/","title":{"rendered":"Canap\u00e9 SPACE COMBI"},"content":{"rendered":"","protected":false},"excerpt":{"rendered":"<p>Tapa: Estructura interna fabricada con tubo de acero, con travesa\u00f1os de refuerzo y tapa en DM perforado, partida al ancho sistema kit.<\/p>\n<p>Tapizado tejido 3D, tirador, sistema de apertura prolongada con desplazamiento mediante pistones de gas, tope sujeta- colch\u00f3n, tapa embutida antipolvo Kleen Closed System.<\/p>\n<p>Arc\u00f3n: Fabricado con tablero melaminico 30mm.<\/p>\n<p>Fondo de tablero melaminico 5mm con sujeci\u00f3n directa al arc\u00f3n dot\u00e1ndolo de mayor estabilidad.<\/p>\n<p>Esquinero de madera de haya macizos.<\/p>\n<div class=\"woocommerce-product-details__short-description\">\n<div class=\"kw-details-desc\"><\/div>\n<\/div>\n","protected":false},"featured_media":7193,"template":"","meta":[],"product_brand":[],"product_cat":[246],"product_tag":[],"class_list":{"0":"post-5630","1":"product","2":"type-product","3":"status-publish","4":"has-post-thumbnail","6":"product_cat-canapes","7":"pa_medida-150x190","8":"pa_medida-160x200","9":"pa_medida-160x190","10":"pa_medida-150x200","11":"pa_medida-135x200","12":"pa_medida-135x190","13":"pa_medida-135x180","14":"pa_medida-105x200","15":"pa_medida-105x190","16":"pa_medida-90x200","17":"pa_medida-90x190","18":"tm-has-options","20":"first","21":"instock","22":"sale","23":"taxable","24":"shipping-taxable","25":"purchasable","26":"product-type-variable","27":"prodpage-classic","28":"rtwpvs-product"},"acf":[],"yoast_head":"<!-- This site is optimized with the Yoast SEO plugin v27.2 - https:\/\/yoast.com\/product\/yoast-seo-wordpress\/ -->\n<title>Canap\u00e9 SPACE COMBI - Sleep Planet<\/title>\n<meta name=\"description\" content=\"Canap\u00e9 SPACE COMBI de Sleep Planet. Colchones que ofrecen el mejor descanso al mejor precio. Visita nuestras tiendas de colchones.\" \/>\n<meta name=\"robots\" content=\"noindex, follow\" \/>\n<meta property=\"og:locale\" content=\"es_ES\" \/>\n<meta property=\"og:type\" content=\"article\" \/>\n<meta property=\"og:title\" content=\"Canap\u00e9 SPACE COMBI - Sleep Planet\" \/>\n<meta property=\"og:description\" content=\"Canap\u00e9 SPACE COMBI de Sleep Planet. Colchones que ofrecen el mejor descanso al mejor precio. Visita nuestras tiendas de colchones.\" \/>\n<meta property=\"og:url\" content=\"https:\/\/sleepplanet.es\/tienda\/producto\/canape-space-combi\/\" \/>\n<meta property=\"og:site_name\" content=\"Sleep Planet\" \/>\n<meta property=\"article:publisher\" content=\"https:\/\/www.facebook.com\/sleepplanetspain\" \/>\n<meta property=\"article:modified_time\" content=\"2026-01-19T15:11:34+00:00\" \/>\n<meta property=\"og:image\" content=\"https:\/\/sleepplanet.es\/tienda\/wp-content\/uploads\/2023\/07\/sleep-planet-canapes-space-combi-1.jpg\" \/>\n\t<meta property=\"og:image:width\" content=\"900\" \/>\n\t<meta property=\"og:image:height\" content=\"675\" \/>\n\t<meta property=\"og:image:type\" content=\"image\/jpeg\" \/>\n<meta name=\"twitter:card\" content=\"summary_large_image\" \/>\n<meta name=\"twitter:label1\" content=\"Tiempo de lectura\" \/>\n\t<meta name=\"twitter:data1\" content=\"1 minuto\" \/>\n<script type=\"application\/ld+json\" class=\"yoast-schema-graph\">{\"@context\":\"https:\/\/schema.org\",\"@graph\":[{\"@type\":\"WebPage\",\"@id\":\"https:\/\/sleepplanet.es\/tienda\/producto\/canape-space-combi\/\",\"url\":\"https:\/\/sleepplanet.es\/tienda\/producto\/canape-space-combi\/\",\"name\":\"Canap\u00e9 SPACE COMBI - Sleep Planet\",\"isPartOf\":{\"@id\":\"https:\/\/sleepplanet.es\/tienda\/#website\"},\"primaryImageOfPage\":{\"@id\":\"https:\/\/sleepplanet.es\/tienda\/producto\/canape-space-combi\/#primaryimage\"},\"image\":{\"@id\":\"https:\/\/sleepplanet.es\/tienda\/producto\/canape-space-combi\/#primaryimage\"},\"thumbnailUrl\":\"https:\/\/sleepplanet.es\/tienda\/wp-content\/uploads\/2023\/07\/sleep-planet-canapes-space-combi-1.jpg\",\"datePublished\":\"2023-07-10T16:01:51+00:00\",\"dateModified\":\"2026-01-19T15:11:34+00:00\",\"description\":\"Canap\u00e9 SPACE COMBI de Sleep Planet. Colchones que ofrecen el mejor descanso al mejor precio. Visita nuestras tiendas de colchones.\",\"breadcrumb\":{\"@id\":\"https:\/\/sleepplanet.es\/tienda\/producto\/canape-space-combi\/#breadcrumb\"},\"inLanguage\":\"es\",\"potentialAction\":[{\"@type\":\"ReadAction\",\"target\":[\"https:\/\/sleepplanet.es\/tienda\/producto\/canape-space-combi\/\"]}]},{\"@type\":\"ImageObject\",\"inLanguage\":\"es\",\"@id\":\"https:\/\/sleepplanet.es\/tienda\/producto\/canape-space-combi\/#primaryimage\",\"url\":\"https:\/\/sleepplanet.es\/tienda\/wp-content\/uploads\/2023\/07\/sleep-planet-canapes-space-combi-1.jpg\",\"contentUrl\":\"https:\/\/sleepplanet.es\/tienda\/wp-content\/uploads\/2023\/07\/sleep-planet-canapes-space-combi-1.jpg\",\"width\":900,\"height\":675},{\"@type\":\"BreadcrumbList\",\"@id\":\"https:\/\/sleepplanet.es\/tienda\/producto\/canape-space-combi\/#breadcrumb\",\"itemListElement\":[{\"@type\":\"ListItem\",\"position\":1,\"name\":\"Portada\",\"item\":\"https:\/\/sleepplanet.es\/tienda\/\"},{\"@type\":\"ListItem\",\"position\":2,\"name\":\"TIENDA ONLINE\",\"item\":\"https:\/\/sleepplanet.es\/tienda\/\"},{\"@type\":\"ListItem\",\"position\":3,\"name\":\"Canap\u00e9 SPACE COMBI\"}]},{\"@type\":\"WebSite\",\"@id\":\"https:\/\/sleepplanet.es\/tienda\/#website\",\"url\":\"https:\/\/sleepplanet.es\/tienda\/\",\"name\":\"Sleep Planet\",\"description\":\"Web oficial de Sleep Planet Spain\",\"publisher\":{\"@id\":\"https:\/\/sleepplanet.es\/tienda\/#organization\"},\"potentialAction\":[{\"@type\":\"SearchAction\",\"target\":{\"@type\":\"EntryPoint\",\"urlTemplate\":\"https:\/\/sleepplanet.es\/tienda\/?s={search_term_string}\"},\"query-input\":{\"@type\":\"PropertyValueSpecification\",\"valueRequired\":true,\"valueName\":\"search_term_string\"}}],\"inLanguage\":\"es\"},{\"@type\":\"Organization\",\"@id\":\"https:\/\/sleepplanet.es\/tienda\/#organization\",\"name\":\"Sleep Planet\",\"url\":\"https:\/\/sleepplanet.es\/tienda\/\",\"logo\":{\"@type\":\"ImageObject\",\"inLanguage\":\"es\",\"@id\":\"https:\/\/sleepplanet.es\/tienda\/#\/schema\/logo\/image\/\",\"url\":\"https:\/\/sleepplanet.es\/tienda\/wp-content\/uploads\/2023\/11\/sleep-planet-logo-seo2.jpg\",\"contentUrl\":\"https:\/\/sleepplanet.es\/tienda\/wp-content\/uploads\/2023\/11\/sleep-planet-logo-seo2.jpg\",\"width\":600,\"height\":600,\"caption\":\"Sleep Planet\"},\"image\":{\"@id\":\"https:\/\/sleepplanet.es\/tienda\/#\/schema\/logo\/image\/\"},\"sameAs\":[\"https:\/\/www.facebook.com\/sleepplanetspain\",\"https:\/\/www.instagram.com\/sleepplanetspain\"]}]}<\/script>\n<!-- \/ Yoast SEO plugin. -->","yoast_head_json":{"title":"Canap\u00e9 SPACE COMBI - Sleep Planet","description":"Canap\u00e9 SPACE COMBI de Sleep Planet. Colchones que ofrecen el mejor descanso al mejor precio. Visita nuestras tiendas de colchones.","robots":{"index":"noindex","follow":"follow"},"og_locale":"es_ES","og_type":"article","og_title":"Canap\u00e9 SPACE COMBI - Sleep Planet","og_description":"Canap\u00e9 SPACE COMBI de Sleep Planet. Colchones que ofrecen el mejor descanso al mejor precio. Visita nuestras tiendas de colchones.","og_url":"https:\/\/sleepplanet.es\/tienda\/producto\/canape-space-combi\/","og_site_name":"Sleep Planet","article_publisher":"https:\/\/www.facebook.com\/sleepplanetspain","article_modified_time":"2026-01-19T15:11:34+00:00","og_image":[{"width":900,"height":675,"url":"https:\/\/sleepplanet.es\/tienda\/wp-content\/uploads\/2023\/07\/sleep-planet-canapes-space-combi-1.jpg","type":"image\/jpeg"}],"twitter_card":"summary_large_image","twitter_misc":{"Tiempo de lectura":"1 minuto"},"schema":{"@context":"https:\/\/schema.org","@graph":[{"@type":"WebPage","@id":"https:\/\/sleepplanet.es\/tienda\/producto\/canape-space-combi\/","url":"https:\/\/sleepplanet.es\/tienda\/producto\/canape-space-combi\/","name":"Canap\u00e9 SPACE COMBI - Sleep Planet","isPartOf":{"@id":"https:\/\/sleepplanet.es\/tienda\/#website"},"primaryImageOfPage":{"@id":"https:\/\/sleepplanet.es\/tienda\/producto\/canape-space-combi\/#primaryimage"},"image":{"@id":"https:\/\/sleepplanet.es\/tienda\/producto\/canape-space-combi\/#primaryimage"},"thumbnailUrl":"https:\/\/sleepplanet.es\/tienda\/wp-content\/uploads\/2023\/07\/sleep-planet-canapes-space-combi-1.jpg","datePublished":"2023-07-10T16:01:51+00:00","dateModified":"2026-01-19T15:11:34+00:00","description":"Canap\u00e9 SPACE COMBI de Sleep Planet. Colchones que ofrecen el mejor descanso al mejor precio. Visita nuestras tiendas de colchones.","breadcrumb":{"@id":"https:\/\/sleepplanet.es\/tienda\/producto\/canape-space-combi\/#breadcrumb"},"inLanguage":"es","potentialAction":[{"@type":"ReadAction","target":["https:\/\/sleepplanet.es\/tienda\/producto\/canape-space-combi\/"]}]},{"@type":"ImageObject","inLanguage":"es","@id":"https:\/\/sleepplanet.es\/tienda\/producto\/canape-space-combi\/#primaryimage","url":"https:\/\/sleepplanet.es\/tienda\/wp-content\/uploads\/2023\/07\/sleep-planet-canapes-space-combi-1.jpg","contentUrl":"https:\/\/sleepplanet.es\/tienda\/wp-content\/uploads\/2023\/07\/sleep-planet-canapes-space-combi-1.jpg","width":900,"height":675},{"@type":"BreadcrumbList","@id":"https:\/\/sleepplanet.es\/tienda\/producto\/canape-space-combi\/#breadcrumb","itemListElement":[{"@type":"ListItem","position":1,"name":"Portada","item":"https:\/\/sleepplanet.es\/tienda\/"},{"@type":"ListItem","position":2,"name":"TIENDA ONLINE","item":"https:\/\/sleepplanet.es\/tienda\/"},{"@type":"ListItem","position":3,"name":"Canap\u00e9 SPACE COMBI"}]},{"@type":"WebSite","@id":"https:\/\/sleepplanet.es\/tienda\/#website","url":"https:\/\/sleepplanet.es\/tienda\/","name":"Sleep Planet","description":"Web oficial de Sleep Planet Spain","publisher":{"@id":"https:\/\/sleepplanet.es\/tienda\/#organization"},"potentialAction":[{"@type":"SearchAction","target":{"@type":"EntryPoint","urlTemplate":"https:\/\/sleepplanet.es\/tienda\/?s={search_term_string}"},"query-input":{"@type":"PropertyValueSpecification","valueRequired":true,"valueName":"search_term_string"}}],"inLanguage":"es"},{"@type":"Organization","@id":"https:\/\/sleepplanet.es\/tienda\/#organization","name":"Sleep Planet","url":"https:\/\/sleepplanet.es\/tienda\/","logo":{"@type":"ImageObject","inLanguage":"es","@id":"https:\/\/sleepplanet.es\/tienda\/#\/schema\/logo\/image\/","url":"https:\/\/sleepplanet.es\/tienda\/wp-content\/uploads\/2023\/11\/sleep-planet-logo-seo2.jpg","contentUrl":"https:\/\/sleepplanet.es\/tienda\/wp-content\/uploads\/2023\/11\/sleep-planet-logo-seo2.jpg","width":600,"height":600,"caption":"Sleep Planet"},"image":{"@id":"https:\/\/sleepplanet.es\/tienda\/#\/schema\/logo\/image\/"},"sameAs":["https:\/\/www.facebook.com\/sleepplanetspain","https:\/\/www.instagram.com\/sleepplanetspain"]}]}},"_links":{"self":[{"href":"https:\/\/sleepplanet.es\/tienda\/wp-json\/wp\/v2\/product\/5630","targetHints":{"allow":["GET"]}}],"collection":[{"href":"https:\/\/sleepplanet.es\/tienda\/wp-json\/wp\/v2\/product"}],"about":[{"href":"https:\/\/sleepplanet.es\/tienda\/wp-json\/wp\/v2\/types\/product"}],"wp:featuredmedia":[{"embeddable":true,"href":"https:\/\/sleepplanet.es\/tienda\/wp-json\/wp\/v2\/media\/7193"}],"wp:attachment":[{"href":"https:\/\/sleepplanet.es\/tienda\/wp-json\/wp\/v2\/media?parent=5630"}],"wp:term":[{"taxonomy":"product_brand","embeddable":true,"href":"https:\/\/sleepplanet.es\/tienda\/wp-json\/wp\/v2\/product_brand?post=5630"},{"taxonomy":"product_cat","embeddable":true,"href":"https:\/\/sleepplanet.es\/tienda\/wp-json\/wp\/v2\/product_cat?post=5630"},{"taxonomy":"product_tag","embeddable":true,"href":"https:\/\/sleepplanet.es\/tienda\/wp-json\/wp\/v2\/product_tag?post=5630"}],"curies":[{"name":"wp","href":"https:\/\/api.w.org\/{rel}","templated":true}]}}